{"id":253,"date":"2023-05-25T14:21:56","date_gmt":"2023-05-25T18:21:56","guid":{"rendered":"https:\/\/moishes.firmecreative.com\/nous-joindre\/"},"modified":"2026-03-10T11:27:49","modified_gmt":"2026-03-10T15:27:49","slug":"contact-us","status":"publish","type":"page","link":"https:\/\/moishes.ca\/en\/contact-us\/","title":{"rendered":"Contact us"},"content":{"rendered":"","protected":false},"excerpt":{"rendered":"","protected":false},"author":1,"featured_media":0,"parent":0,"menu_order":0,"comment_status":"closed","ping_status":"closed","template":"template-contact.php","meta":{"_acf_changed":false,"footnotes":""},"class_list":["post-253","page","type-page","status-publish","hentry"],"acf":[],"yoast_head":"<!-- This site is optimized with the Yoast SEO plugin v27.0 - https:\/\/yoast.com\/product\/yoast-seo-wordpress\/ -->\n<title>Nous joindre | Moishes | Steakhouse \u00e0 Montr\u00e9al<\/title>\n<meta name=\"description\" content=\"Vous souhaitez r\u00e9server une table dans notre steakhouse \u00e0 Montr\u00e9al ? Contactez-nous d\u00e8s maintenant et profiter d&#039;une soir\u00e9e gastronomique exceptionnelle\" \/>\n<meta name=\"robots\" content=\"index, follow, max-snippet:-1, max-image-preview:large, max-video-preview:-1\" \/>\n<link rel=\"canonical\" href=\"https:\/\/moishes.ca\/en\/contact-us\/\" \/>\n<meta property=\"og:locale\" content=\"en_US\" \/>\n<meta property=\"og:type\" content=\"article\" \/>\n<meta property=\"og:title\" content=\"Nous joindre | Moishes | Steakhouse \u00e0 Montr\u00e9al\" \/>\n<meta property=\"og:description\" content=\"Vous souhaitez r\u00e9server une table dans notre steakhouse \u00e0 Montr\u00e9al ? Contactez-nous d\u00e8s maintenant et profiter d&#039;une soir\u00e9e gastronomique exceptionnelle\" \/>\n<meta property=\"og:url\" content=\"https:\/\/moishes.ca\/en\/contact-us\/\" \/>\n<meta property=\"og:site_name\" content=\"Moishes Steakhouse\" \/>\n<meta property=\"article:modified_time\" content=\"2026-03-10T15:27:49+00:00\" \/>\n<meta property=\"og:image\" content=\"https:\/\/moishes.ca\/wp-content\/uploads\/2023\/05\/moishes_og.jpg\" \/>\n\t<meta property=\"og:image:width\" content=\"1200\" \/>\n\t<meta property=\"og:image:height\" content=\"675\" \/>\n\t<meta property=\"og:image:type\" content=\"image\/jpeg\" \/>\n<meta name=\"twitter:card\" content=\"summary_large_image\" \/>\n<!-- \/ Yoast SEO plugin. -->","yoast_head_json":{"title":"Nous joindre | Moishes | Steakhouse \u00e0 Montr\u00e9al","description":"Vous souhaitez r\u00e9server une table dans notre steakhouse \u00e0 Montr\u00e9al ? Contactez-nous d\u00e8s maintenant et profiter d'une soir\u00e9e gastronomique exceptionnelle","robots":{"index":"index","follow":"follow","max-snippet":"max-snippet:-1","max-image-preview":"max-image-preview:large","max-video-preview":"max-video-preview:-1"},"canonical":"https:\/\/moishes.ca\/en\/contact-us\/","og_locale":"en_US","og_type":"article","og_title":"Nous joindre | Moishes | Steakhouse \u00e0 Montr\u00e9al","og_description":"Vous souhaitez r\u00e9server une table dans notre steakhouse \u00e0 Montr\u00e9al ? Contactez-nous d\u00e8s maintenant et profiter d'une soir\u00e9e gastronomique exceptionnelle","og_url":"https:\/\/moishes.ca\/en\/contact-us\/","og_site_name":"Moishes Steakhouse","article_modified_time":"2026-03-10T15:27:49+00:00","og_image":[{"width":1200,"height":675,"url":"https:\/\/moishes.ca\/wp-content\/uploads\/2023\/05\/moishes_og.jpg","type":"image\/jpeg"}],"twitter_card":"summary_large_image","schema":{"@context":"https:\/\/schema.org","@graph":[{"@type":"WebPage","@id":"https:\/\/moishes.ca\/en\/contact-us\/","url":"https:\/\/moishes.ca\/en\/contact-us\/","name":"Nous joindre | Moishes | Steakhouse \u00e0 Montr\u00e9al","isPartOf":{"@id":"https:\/\/moishes.ca\/en\/#website"},"datePublished":"2023-05-25T18:21:56+00:00","dateModified":"2026-03-10T15:27:49+00:00","description":"Vous souhaitez r\u00e9server une table dans notre steakhouse \u00e0 Montr\u00e9al ? Contactez-nous d\u00e8s maintenant et profiter d'une soir\u00e9e gastronomique exceptionnelle","inLanguage":"en-US","potentialAction":[{"@type":"ReadAction","target":["https:\/\/moishes.ca\/en\/contact-us\/"]}]},{"@type":"WebSite","@id":"https:\/\/moishes.ca\/en\/#website","url":"https:\/\/moishes.ca\/en\/","name":"Moishes Steakhouse","description":"","potentialAction":[{"@type":"SearchAction","target":{"@type":"EntryPoint","urlTemplate":"https:\/\/moishes.ca\/en\/?s={search_term_string}"},"query-input":{"@type":"PropertyValueSpecification","valueRequired":true,"valueName":"search_term_string"}}],"inLanguage":"en-US"}]}},"_links":{"self":[{"href":"https:\/\/moishes.ca\/en\/wp-json\/wp\/v2\/pages\/253","targetHints":{"allow":["GET"]}}],"collection":[{"href":"https:\/\/moishes.ca\/en\/wp-json\/wp\/v2\/pages"}],"about":[{"href":"https:\/\/moishes.ca\/en\/wp-json\/wp\/v2\/types\/page"}],"author":[{"embeddable":true,"href":"https:\/\/moishes.ca\/en\/wp-json\/wp\/v2\/users\/1"}],"replies":[{"embeddable":true,"href":"https:\/\/moishes.ca\/en\/wp-json\/wp\/v2\/comments?post=253"}],"version-history":[{"count":2,"href":"https:\/\/moishes.ca\/en\/wp-json\/wp\/v2\/pages\/253\/revisions"}],"predecessor-version":[{"id":1436,"href":"https:\/\/moishes.ca\/en\/wp-json\/wp\/v2\/pages\/253\/revisions\/1436"}],"wp:attachment":[{"href":"https:\/\/moishes.ca\/en\/wp-json\/wp\/v2\/media?parent=253"}],"curies":[{"name":"wp","href":"https:\/\/api.w.org\/{rel}","templated":true}]}}